{"id":2188,"date":"2025-11-13T21:52:31","date_gmt":"2025-11-13T20:52:31","guid":{"rendered":"https:\/\/dwdjt.pl\/?page_id=2188"},"modified":"2025-12-31T07:14:58","modified_gmt":"2025-12-31T06:14:58","slug":"program-cyfrowy-uczen","status":"publish","type":"page","link":"https:\/\/dwdjt.pl\/?page_id=2188","title":{"rendered":"Program &#8222;Cyfrowy ucze\u0144&#8221;"},"content":{"rendered":"\n<p class=\"has-text-align-center\"><strong>Rz\u0105dowy program wspierania organ\u00f3w prowadz\u0105cych szko\u0142y i plac\u00f3wki w rozwijaniu umiej\u0119tno\u015bci cyfrowych dzieci i m\u0142odzie\u017cy na lata 2025-2029 &#8211; \u201eCyfrowy Ucze\u0144&#8221; 2025. <\/strong><\/p>\n\n\n\n<p><\/p>\n","protected":false},"excerpt":{"rendered":"<p>Rz\u0105dowy program wspierania organ\u00f3w prowadz\u0105cych szko\u0142y i plac\u00f3wki w rozwijaniu umiej\u0119tno\u015bci cyfrowych dzieci i m\u0142odzie\u017cy na lata 2025-2029 &#8211; \u201eCyfrowy Ucze\u0144&#8221; 2025.<\/p>\n","protected":false},"author":1,"featured_media":0,"parent":0,"menu_order":0,"comment_status":"closed","ping_status":"closed","template":"","meta":{"footnotes":""},"class_list":["post-2188","page","type-page","status-publish","hentry"],"_links":{"self":[{"href":"https:\/\/dwdjt.pl\/index.php?rest_route=\/wp\/v2\/pages\/2188","targetHints":{"allow":["GET"]}}],"collection":[{"href":"https:\/\/dwdjt.pl\/index.php?rest_route=\/wp\/v2\/pages"}],"about":[{"href":"https:\/\/dwdjt.pl\/index.php?rest_route=\/wp\/v2\/types\/page"}],"author":[{"embeddable":true,"href":"https:\/\/dwdjt.pl\/index.php?rest_route=\/wp\/v2\/users\/1"}],"replies":[{"embeddable":true,"href":"https:\/\/dwdjt.pl\/index.php?rest_route=%2Fwp%2Fv2%2Fcomments&post=2188"}],"version-history":[{"count":2,"href":"https:\/\/dwdjt.pl\/index.php?rest_route=\/wp\/v2\/pages\/2188\/revisions"}],"predecessor-version":[{"id":2198,"href":"https:\/\/dwdjt.pl\/index.php?rest_route=\/wp\/v2\/pages\/2188\/revisions\/2198"}],"wp:attachment":[{"href":"https:\/\/dwdjt.pl\/index.php?rest_route=%2Fwp%2Fv2%2Fmedia&parent=2188"}],"curies":[{"name":"wp","href":"https:\/\/api.w.org\/{rel}","templated":true}]}}