{"id":36,"date":"2023-08-25T22:28:20","date_gmt":"2023-08-25T20:28:20","guid":{"rendered":"https:\/\/dwdjt.pl\/?page_id=36"},"modified":"2026-02-13T13:53:36","modified_gmt":"2026-02-13T12:53:36","slug":"cennik","status":"publish","type":"page","link":"https:\/\/dwdjt.pl\/?page_id=36","title":{"rendered":"Cennik"},"content":{"rendered":"\n<p class=\"has-text-align-center\"><strong>Cena za&nbsp;osobodzie\u0144 <br>(op\u0142ata za&nbsp;jeden dzie\u0144 pobytu w&nbsp;jednostce)<\/strong><\/p>\n\n\n\n<figure class=\"wp-block-table\"><table><tbody><tr><td class=\"has-text-align-center\" data-align=\"center\"><strong>Rodzaj us\u0142ugi<\/strong><\/td><td class=\"has-text-align-center\" data-align=\"center\"><strong>Wychowankowie<\/strong><\/td><td class=\"has-text-align-center\" data-align=\"center\"><strong>Nauczyciele<\/strong><\/td><td class=\"has-text-align-center\" data-align=\"center\"><strong>Wychowawcy<\/strong><\/td><td class=\"has-text-align-center\" data-align=\"center\"><strong>Inne osoby<\/strong><br>(np. kierowca, rodzic)<\/td><\/tr><tr><td class=\"has-text-align-center\" data-align=\"center\">Turnusy \u015br\u00f3droczne <br>niesubwencjonowane<br>(na podstawie karty wycieczki)<\/td><td class=\"has-text-align-center\" data-align=\"center\">130,00 z\u0142<\/td><td class=\"has-text-align-center\" data-align=\"center\">23,00 z\u0142<\/td><td class=\"has-text-align-center\" data-align=\"center\">&#8211;<\/td><td class=\"has-text-align-center\" data-align=\"center\">75,00 z\u0142<\/td><\/tr><tr><td class=\"has-text-align-center\" data-align=\"center\">Turnusy \u015br\u00f3droczne <br>subwencjonowane <br>(na podstawie porozumienia)<\/td><td class=\"has-text-align-center\" data-align=\"center\">70,00 z\u0142<\/td><td class=\"has-text-align-center\" data-align=\"center\">23,00 z\u0142<\/td><td class=\"has-text-align-center\" data-align=\"center\">&#8211;<\/td><td class=\"has-text-align-center\" data-align=\"center\">75,00 z\u0142<\/td><\/tr><tr><td class=\"has-text-align-center\" data-align=\"center\">Turnusy rekreacyjno-wypoczynkowe <br>(wakacje, ferie zimowe)<\/td><td class=\"has-text-align-center\" data-align=\"center\">130,00 z\u0142<\/td><td class=\"has-text-align-center\" data-align=\"center\">&#8211;<\/td><td class=\"has-text-align-center\" data-align=\"center\">23,00 z\u0142<\/td><td class=\"has-text-align-center\" data-align=\"center\">75,00 z\u0142<\/td><\/tr><tr><td class=\"has-text-align-center\" data-align=\"center\">Noclegi<\/td><td class=\"has-text-align-center\" data-align=\"center\">&#8211;<\/td><td class=\"has-text-align-center\" data-align=\"center\">&#8211;<\/td><td class=\"has-text-align-center\" data-align=\"center\">&#8211;<\/td><td class=\"has-text-align-center\" data-align=\"center\">40,00 z\u0142<\/td><\/tr><tr><td class=\"has-text-align-center\" data-align=\"center\">Wy\u017cywienie ca\u0142odzienne<\/td><td class=\"has-text-align-center\" data-align=\"center\">&#8211;<\/td><td class=\"has-text-align-center\" data-align=\"center\">&#8211;<\/td><td class=\"has-text-align-center\" data-align=\"center\">&#8211;<\/td><td class=\"has-text-align-center\" data-align=\"center\">35,00 z\u0142<\/td><\/tr><\/tbody><\/table><\/figure>\n","protected":false},"excerpt":{"rendered":"<p>Cena za&nbsp;osobodzie\u0144 (op\u0142ata za&nbsp;jeden dzie\u0144 pobytu w&nbsp;jednostce) Rodzaj us\u0142ugi Wychowankowie Nauczyciele Wychowawcy Inne osoby(np. kierowca, rodzic) Turnusy \u015br\u00f3droczne niesubwencjonowane(na podstawie karty wycieczki) 130,00 z\u0142 23,00 z\u0142 &#8211; 75,00 z\u0142 Turnusy &#8230;<\/p>\n","protected":false},"author":1,"featured_media":0,"parent":0,"menu_order":2,"comment_status":"closed","ping_status":"closed","template":"","meta":{"footnotes":""},"class_list":["post-36","page","type-page","status-publish","hentry"],"_links":{"self":[{"href":"https:\/\/dwdjt.pl\/index.php?rest_route=\/wp\/v2\/pages\/36","targetHints":{"allow":["GET"]}}],"collection":[{"href":"https:\/\/dwdjt.pl\/index.php?rest_route=\/wp\/v2\/pages"}],"about":[{"href":"https:\/\/dwdjt.pl\/index.php?rest_route=\/wp\/v2\/types\/page"}],"author":[{"embeddable":true,"href":"https:\/\/dwdjt.pl\/index.php?rest_route=\/wp\/v2\/users\/1"}],"replies":[{"embeddable":true,"href":"https:\/\/dwdjt.pl\/index.php?rest_route=%2Fwp%2Fv2%2Fcomments&post=36"}],"version-history":[{"count":9,"href":"https:\/\/dwdjt.pl\/index.php?rest_route=\/wp\/v2\/pages\/36\/revisions"}],"predecessor-version":[{"id":2254,"href":"https:\/\/dwdjt.pl\/index.php?rest_route=\/wp\/v2\/pages\/36\/revisions\/2254"}],"wp:attachment":[{"href":"https:\/\/dwdjt.pl\/index.php?rest_route=%2Fwp%2Fv2%2Fmedia&parent=36"}],"curies":[{"name":"wp","href":"https:\/\/api.w.org\/{rel}","templated":true}]}}